{"id":413,"date":"2023-07-13T17:47:16","date_gmt":"2023-07-13T21:47:16","guid":{"rendered":"https:\/\/www.medimeal.ca\/why-slimtime\/formulation\/"},"modified":"2024-01-20T13:42:52","modified_gmt":"2024-01-20T18:42:52","slug":"medimeal-proti-medical-formulation","status":"publish","type":"page","link":"https:\/\/www.medimeal.ca\/fr\/why-choose-medimeal\/medimeal-proti-medical-formulation\/","title":{"rendered":"Formulation MediMeal"},"content":{"rendered":"<div class=\"wpb-content-wrapper\"><p>[vc_section css=\u00a0\u00bb.vc_custom_1691676526284{padding-top: 0px !important;padding-bottom: 70px !important;}\u00a0\u00bb][vc_row equal_height=\u00a0\u00bbyes\u00a0\u00bb content_placement=\u00a0\u00bbmiddle\u00a0\u00bb][vc_column offset=\u00a0\u00bbvc_col-md-4&Prime;]<h3 class='innermost-section-heading align-left  ' >Les professionnels de la sant\u00e9 font confiance \u00e0 la nutrition avanc\u00e9e de MediMeal &amp; Proti<\/h3><div class='content-block section-content wpb_text_column wpb_content_element align-left   font_weight_default fs-21' ><div class='wpb_wrapper'><p>Les formules \u00e9quilibr\u00e9es de MediMeal, qui contiennent des prot\u00e9ines, des vitamines et des min\u00e9raux essentiels pour une perte de poids saine, ont la fiabilit\u00e9 des m\u00e9decins et des di\u00e9t\u00e9ticiens.<\/p>\n<\/div><\/div>[\/vc_column][vc_column offset=\u00a0\u00bbvc_col-md-offset-1 vc_col-md-7&Prime;][vc_single_image image=\u00a0\u00bb236&Prime; img_size=\u00a0\u00bbfull\u00a0\u00bb][\/vc_column][\/vc_row][\/vc_section][vc_section full_width=\u00a0\u00bbstretch_row\u00a0\u00bb css=\u00a0\u00bb.vc_custom_1703282927506{padding-top: 80px !important;padding-bottom: 50px !important;background: #3d7a8a url(https:\/\/www.medimeal.ca\/wp-content\/uploads\/2023\/12\/slimtime-pattern-light.png?id=1481) !important;background-position: 0 0 !important;background-repeat: repeat !important;}\u00a0\u00bb][vc_row][vc_column offset=\u00a0\u00bbvc_col-md-offset-2 vc_col-md-8&Prime;]<h4 class='innermost-section-heading align-center txt-white ' style=\"margin-bottom: 40px !important;\">MediMeal et Proti soutiennent une perte de poids saine<\/h4><div class='content-block section-content wpb_text_column wpb_content_element align-center txt-white  font_weight_default fs-21' style=\"margin-bottom: 100px !important;\"><div class='wpb_wrapper'><p>MediMeal et Proti vous aident \u00e0 prendre le contr\u00f4le de votre gestion de poids et le maintien de cette perte de poids \u00e0 long terme gr\u00e2ce \u00e0 une gamme de produits nutritifs et sains.<\/p>\n<\/div><\/div>[\/vc_column][\/vc_row][vc_row][vc_column width=\u00a0\u00bb1\/3&Prime; css=\u00a0\u00bb.vc_custom_1691693886938{padding-bottom: 40px !important;}\u00a0\u00bb][vc_single_image image=\u00a0\u00bb737&Prime; img_size=\u00a0\u00bbfull\u00a0\u00bb alignment=\u00a0\u00bbcenter\u00a0\u00bb css=\u00a0\u00bb.vc_custom_1691623107053{margin-bottom: 30px !important;}\u00a0\u00bb el_class=\u00a0\u00bbicon-max-height-round\u00a0\u00bb]<h6 class='innermost-section-heading align-center txt-white ' >1. Maintenir l\u2019\u00e9nergie<\/h6>[\/vc_column][vc_column width=\u00a0\u00bb1\/3&Prime; css=\u00a0\u00bb.vc_custom_1691693895931{padding-bottom: 40px !important;}\u00a0\u00bb][vc_single_image image=\u00a0\u00bb735&Prime; img_size=\u00a0\u00bbfull\u00a0\u00bb alignment=\u00a0\u00bbcenter\u00a0\u00bb css=\u00a0\u00bb.vc_custom_1691623122081{margin-bottom: 30px !important;}\u00a0\u00bb el_class=\u00a0\u00bbicon-max-height-round\u00a0\u00bb]<h6 class='innermost-section-heading align-center txt-white ' >2. R\u00e9cup\u00e9ration musculaire<\/h6>[\/vc_column][vc_column width=\u00a0\u00bb1\/3&Prime; css=\u00a0\u00bb.vc_custom_1691693904505{padding-bottom: 40px !important;}\u00a0\u00bb][vc_single_image image=\u00a0\u00bb733&Prime; img_size=\u00a0\u00bbfull\u00a0\u00bb alignment=\u00a0\u00bbcenter\u00a0\u00bb css=\u00a0\u00bb.vc_custom_1691623133481{margin-bottom: 30px !important;}\u00a0\u00bb el_class=\u00a0\u00bbicon-max-height-round\u00a0\u00bb]<h6 class='innermost-section-heading align-center txt-white ' >3. Contr\u00f4le de la faim<\/h6>[\/vc_column][\/vc_row][\/vc_section][vc_section css=\u00a0\u00bb.vc_custom_1689744655850{padding-top: 100px !important;padding-bottom: 115px !important;}\u00a0\u00bb][vc_row][vc_column offset=\u00a0\u00bbvc_col-md-7&Prime;][vc_single_image image=\u00a0\u00bb238&Prime; img_size=\u00a0\u00bbfull\u00a0\u00bb][\/vc_column][vc_column offset=\u00a0\u00bbvc_col-md-5&Prime;]<div class='content-block section-content wpb_text_column wpb_content_element align-left   font_weight_default ' style=\"padding-top: 30px !important;padding-right: 30px !important;padding-bottom: 30px !important;padding-left: 30px !important;background-color: #f1f4fb !important;border-radius: 10px !important;\"><div class='wpb_wrapper'><h5>Une nutrition avanc\u00e9e avec des ingr\u00e9dients de la plus haute qualit\u00e9<\/h5>\n<ol>\n<li>Haute teneur en prot\u00e9ines<\/li>\n<li>Faible teneur en calories<\/li>\n<li>Vitamines et min\u00e9raux<\/li>\n<\/ol>\n<\/div><\/div>[\/vc_column][\/vc_row][\/vc_section][vc_section full_width=\u00a0\u00bbstretch_row\u00a0\u00bb disable_element=\u00a0\u00bbyes\u00a0\u00bb css=\u00a0\u00bb.vc_custom_1705776167874{margin-bottom: 120px !important;}\u00a0\u00bb][vc_row css=\u00a0\u00bb.vc_custom_1705091747699{padding-top: 20px !important;padding-right: 5% !important;padding-bottom: 10px !important;padding-left: 5% !important;background: #ffecdb url(https:\/\/www.medimeal.ca\/wp-content\/uploads\/2023\/08\/slimtime-pattern-light-30.png?id=1087) !important;border-radius: 10px !important;}\u00a0\u00bb][vc_column width=\u00a0\u00bb1\/4&Prime;][vc_single_image image=\u00a0\u00bb1083&Prime; el_class=\u00a0\u00bbicon-max-height-large\u00a0\u00bb][\/vc_column][vc_column width=\u00a0\u00bb2\/3&Prime;]<div class='content-block section-content wpb_text_column wpb_content_element align-center  quote font_weight_default ' ><div class='wpb_wrapper'><h5 style=\"text-align: left;\">\u00ab\u00a0It didn\u2019t take long to feel lighter and healthier. SlimTime worked so well that my wife is taking SlimTime shakes too!\u00a0\u00bb<\/h5>\n<p><span style=\"font-size: 16px; color: #607cc2;\"><strong>\u2014 Jeffrey Bleau<\/strong><\/span><\/p>\n<\/div><\/div>[\/vc_column][\/vc_row][\/vc_section][vc_section css=\u00a0\u00bb.vc_custom_1705089336522{margin-bottom: 120px !important;}\u00a0\u00bb][vc_row][vc_column offset=\u00a0\u00bbvc_col-md-offset-2 vc_col-md-8&Prime;]<h4 class='innermost-section-heading align-center  ' style=\"margin-bottom: 50px !important;\">Produits MediMeal et Proti<\/h4><div class='content-block section-content wpb_text_column wpb_content_element align-center   font_weight_default fs-21' style=\"margin-bottom: 80px !important;\"><div class='wpb_wrapper'><p>MediMeal et Proti vous aident \u00e0 prendre le contr\u00f4le de votre gestion de poids et le maintien de cette perte de poids \u00e0 long terme gr\u00e2ce \u00e0 une gamme de produits nutritifs et sains.<\/p>\n<\/div><\/div>[\/vc_column][\/vc_row][vc_row equal_height=\u00a0\u00bbyes\u00a0\u00bb][vc_column width=\u00a0\u00bb1\/3&Prime;]\n\t\t\t<div class='wpb_content_element cta cta__tile '>\n\t\t\t\t<a href='https:\/\/www.medimeal.ca\/fr\/boutique\/?ixwpst[product_cat][]=47&title=1&excerpt=1&content=1&categories=1&attributes=1&tags=1&sku=1&ixwpsf[taxonomy][product_cat][show]=all&ixwpsf[taxonomy][product_cat][multiple]=0&ixwpsf[taxonomy][product_cat][filter]=1' class='cta__wrapper' target='' rel=''>\n\t\t\t\t\t<div class='cta__img' style='background-image: url(https:\/\/www.medimeal.ca\/wp-content\/uploads\/2023\/08\/cta-tile-shakes-meal-replacements-1.jpg);'>\n\t\t\t\t\t\t\n\t\t\t\t\t<\/div>\n\t\t\t\t\t<div class='cta__content'>\n\t\t\t\t\t\t<h3 class='cta__head'>Shakes et substituts de repas<\/h3>\n\t\t\t\t\t\t<div class='cta__desc'><\/div>\n\t\t\t\t\t\t<div class='cta__link'>En savoir plus<\/div>\n\t\t\t\t\t<\/div>\n\t\t\t\t<\/a>\n\t\t\t<\/div>[\/vc_column][vc_column width=\u00a0\u00bb1\/3&Prime;]\n\t\t\t<div class='wpb_content_element cta cta__tile '>\n\t\t\t\t<a href='https:\/\/www.medimeal.ca\/fr\/boutique\/?ixwpst[product_cat][]=49&title=1&excerpt=1&content=1&categories=1&attributes=1&tags=1&sku=1&ixwpsf[taxonomy][product_cat][show]=all&ixwpsf[taxonomy][product_cat][multiple]=0&ixwpsf[taxonomy][product_cat][filter]=1' class='cta__wrapper' target='' rel=''>\n\t\t\t\t\t<div class='cta__img' style='background-image: url(https:\/\/www.medimeal.ca\/wp-content\/uploads\/2023\/08\/cta-tile-snacks-desserts.jpg);'>\n\t\t\t\t\t\t\n\t\t\t\t\t<\/div>\n\t\t\t\t\t<div class='cta__content'>\n\t\t\t\t\t\t<h3 class='cta__head'>Collations et desserts<\/h3>\n\t\t\t\t\t\t<div class='cta__desc'><\/div>\n\t\t\t\t\t\t<div class='cta__link'>En savoir plus<\/div>\n\t\t\t\t\t<\/div>\n\t\t\t\t<\/a>\n\t\t\t<\/div>[\/vc_column][vc_column width=\u00a0\u00bb1\/3&Prime;]\n\t\t\t<div class='wpb_content_element cta cta__tile '>\n\t\t\t\t<a href='https:\/\/www.medimeal.ca\/fr\/boutique\/?ixwpst[product_cat][]=47&title=1&excerpt=1&content=1&categories=1&attributes=1&tags=1&sku=1&ixwpsf[taxonomy][product_cat][show]=all&ixwpsf[taxonomy][product_cat][multiple]=0&ixwpsf[taxonomy][product_cat][filter]=1' class='cta__wrapper' target='' rel=''>\n\t\t\t\t\t<div class='cta__img' style='background-image: url(https:\/\/www.medimeal.ca\/wp-content\/uploads\/2023\/08\/cta-tile-meals-drinks.jpg);'>\n\t\t\t\t\t\t\n\t\t\t\t\t<\/div>\n\t\t\t\t\t<div class='cta__content'>\n\t\t\t\t\t\t<h3 class='cta__head'>Repas et boissons<\/h3>\n\t\t\t\t\t\t<div class='cta__desc'><\/div>\n\t\t\t\t\t\t<div class='cta__link'>En savoir plus<\/div>\n\t\t\t\t\t<\/div>\n\t\t\t\t<\/a>\n\t\t\t<\/div>[\/vc_column][\/vc_row][\/vc_section]<\/p>\n<\/div>","protected":false},"excerpt":{"rendered":"<p>[vc_section css=\u00a0\u00bb.vc_custom_1691676526284{padding-top: 0px !important;padding-bottom: 70px !important;}\u00a0\u00bb][vc_row equal_height=\u00a0\u00bbyes\u00a0\u00bb content_placement=\u00a0\u00bbmiddle\u00a0\u00bb][vc_column offset=\u00a0\u00bbvc_col-md-4&Prime;][\/vc_column][vc_column offset=\u00a0\u00bbvc_col-md-offset-1 vc_col-md-7&Prime;][vc_single_image image=\u00a0\u00bb236&Prime; img_size=\u00a0\u00bbfull\u00a0\u00bb][\/vc_column][\/vc_row][\/vc_section][vc_section full_width=\u00a0\u00bbstretch_row\u00a0\u00bb css=\u00a0\u00bb.vc_custom_1703282927506{padding-top: 80px !important;padding-bottom: 50px !important;background: #3d7a8a url(https:\/\/www.medimeal.ca\/wp-content\/uploads\/2023\/12\/slimtime-pattern-light.png?id=1481) !important;background-position: 0 0 !important;background-repeat: repeat !important;}\u00a0\u00bb][vc_row][vc_column offset=\u00a0\u00bbvc_col-md-offset-2 vc_col-md-8&Prime;][\/vc_column][\/vc_row][vc_row][vc_column width=\u00a0\u00bb1\/3&Prime; css=\u00a0\u00bb.vc_custom_1691693886938{padding-bottom: 40px !important;}\u00a0\u00bb][vc_single_image image=\u00a0\u00bb737&Prime; img_size=\u00a0\u00bbfull\u00a0\u00bb alignment=\u00a0\u00bbcenter\u00a0\u00bb css=\u00a0\u00bb.vc_custom_1691623107053{margin-bottom: 30px !important;}\u00a0\u00bb el_class=\u00a0\u00bbicon-max-height-round\u00a0\u00bb][\/vc_column][vc_column width=\u00a0\u00bb1\/3&Prime; css=\u00a0\u00bb.vc_custom_1691693895931{padding-bottom: 40px !important;}\u00a0\u00bb][vc_single_image image=\u00a0\u00bb735&Prime; img_size=\u00a0\u00bbfull\u00a0\u00bb alignment=\u00a0\u00bbcenter\u00a0\u00bb css=\u00a0\u00bb.vc_custom_1691623122081{margin-bottom: 30px !important;}\u00a0\u00bb el_class=\u00a0\u00bbicon-max-height-round\u00a0\u00bb][\/vc_column][vc_column width=\u00a0\u00bb1\/3&Prime; css=\u00a0\u00bb.vc_custom_1691693904505{padding-bottom: 40px !important;}\u00a0\u00bb][vc_single_image [&hellip;]<\/p>\n","protected":false},"author":1,"featured_media":0,"parent":400,"menu_order":0,"comment_status":"closed","ping_status":"closed","template":"page-templates\/page-landing.php","meta":{"_acf_changed":false,"content-type":"","footnotes":""},"class_list":["post-413","page","type-page","status-publish","hentry"],"acf":[],"aioseo_notices":[],"_links":{"self":[{"href":"https:\/\/www.medimeal.ca\/fr\/wp-json\/wp\/v2\/pages\/413","targetHints":{"allow":["GET"]}}],"collection":[{"href":"https:\/\/www.medimeal.ca\/fr\/wp-json\/wp\/v2\/pages"}],"about":[{"href":"https:\/\/www.medimeal.ca\/fr\/wp-json\/wp\/v2\/types\/page"}],"author":[{"embeddable":true,"href":"https:\/\/www.medimeal.ca\/fr\/wp-json\/wp\/v2\/users\/1"}],"replies":[{"embeddable":true,"href":"https:\/\/www.medimeal.ca\/fr\/wp-json\/wp\/v2\/comments?post=413"}],"version-history":[{"count":0,"href":"https:\/\/www.medimeal.ca\/fr\/wp-json\/wp\/v2\/pages\/413\/revisions"}],"up":[{"embeddable":true,"href":"https:\/\/www.medimeal.ca\/fr\/wp-json\/wp\/v2\/pages\/400"}],"wp:attachment":[{"href":"https:\/\/www.medimeal.ca\/fr\/wp-json\/wp\/v2\/media?parent=413"}],"curies":[{"name":"wp","href":"https:\/\/api.w.org\/{rel}","templated":true}]}}