{"id":2799,"date":"2024-07-26T16:26:18","date_gmt":"2024-07-26T20:26:18","guid":{"rendered":"https:\/\/www.medimeal.ca\/why-choose-medimeal\/what-is-obesity-care\/"},"modified":"2024-08-12T12:48:40","modified_gmt":"2024-08-12T16:48:40","slug":"que-comprennent-les-soins-contre-lobesite","status":"publish","type":"page","link":"https:\/\/www.medimeal.ca\/fr\/why-choose-medimeal\/que-comprennent-les-soins-contre-lobesite\/","title":{"rendered":"Que comprennent les soins contre l&rsquo;ob\u00e9sit\u00e9 ?"},"content":{"rendered":"<div class=\"wpb-content-wrapper\"><p>[vc_section css=\u00a0\u00bb.vc_custom_1722025894984{padding-bottom: 35px !important;}\u00a0\u00bb][vc_row equal_height=\u00a0\u00bbyes\u00a0\u00bb content_placement=\u00a0\u00bbmiddle\u00a0\u00bb][vc_column offset=\u00a0\u00bbvc_col-md-6&Prime;][vc_single_image image=\u00a0\u00bb2674&Prime; img_size=\u00a0\u00bbfull\u00a0\u00bb alignment=\u00a0\u00bbcenter\u00a0\u00bb css=\u00a0\u00bb\u00a0\u00bb][\/vc_column][vc_column offset=\u00a0\u00bbvc_col-lg-offset-1 vc_col-lg-4 vc_col-md-6&Prime;]<h2 class='innermost-section-heading align-left  ' >Parlons de l'ob\u00e9sit\u00e9<\/h2><div class='content-block section-content wpb_text_column wpb_content_element align-left txt-navy  font_weight_default fs-20' ><div class='wpb_wrapper'><p><strong>L&rsquo;ob\u00e9sit\u00e9 est une maladie chronique :<\/strong> Elle est reconnue par l&rsquo;Organisation mondiale de la sant\u00e9 et l&rsquo;Association m\u00e9dicale canadienne, et se d\u00e9finit comme une maladie chronique, r\u00e9pandue, complexe, progressive et r\u00e9currente, caract\u00e9ris\u00e9e par une accumulation anormale ou excessive de graisse corporelle qui nuit \u00e0 la sant\u00e9.<\/p>\n<p><strong>L&rsquo;ob\u00e9sit\u00e9 n&rsquo;est pas simple :<\/strong> La mani\u00e8re dont une personne d\u00e9veloppe l&rsquo;ob\u00e9sit\u00e9 et comment elle r\u00e9agira aux interventions implique une interaction complexe de facteurs g\u00e9n\u00e9tiques, biologiques, environnementaux et comportementaux. Les solutions simplistes ne r\u00e9soudront pas ces probl\u00e8mes complexes.<\/p>\n<\/div><\/div>[\/vc_column][\/vc_row][\/vc_section][vc_section full_width=\u00a0\u00bbstretch_row\u00a0\u00bb css=\u00a0\u00bb.vc_custom_1691693655953{padding-top: 80px !important;padding-bottom: 50px !important;background: #122651 url(https:\/\/www.slimtime.com\/wp-content\/uploads\/2023\/07\/slimtime-pattern-blue.png?id=219) !important;background-position: 0 0 !important;background-repeat: repeat !important;}\u00a0\u00bb][vc_row][vc_column offset=\u00a0\u00bbvc_col-md-offset-2 vc_col-md-8&Prime;]<h3 class='innermost-section-heading align-center txt-white ' style=\"margin-bottom: 40px !important;\">Les trois piliers de la gestion de l'ob\u00e9sit\u00e9 qui soutiennent la nutrition et l'activit\u00e9<\/h3>[\/vc_column][\/vc_row][vc_row][vc_column width=\u00a0\u00bb1\/3&Prime; css=\u00a0\u00bb.vc_custom_1691693662806{padding-bottom: 40px !important;}\u00a0\u00bb][vc_single_image image=\u00a0\u00bb736&Prime; img_size=\u00a0\u00bbfull\u00a0\u00bb alignment=\u00a0\u00bbcenter\u00a0\u00bb css=\u00a0\u00bb.vc_custom_1691773295776{margin-bottom: 30px !important;}\u00a0\u00bb el_class=\u00a0\u00bbicon-max-height-large\u00a0\u00bb]<h4 class='innermost-section-heading align-center txt-white ' >Intervention Psychologique<\/h4><div class='content-block section-content wpb_text_column wpb_content_element align-left txt-white  font_weight_default fs-21' style=\"margin-bottom: 100px !important;\"><div class='wpb_wrapper'><ul>\n<li>Mettre en \u0153uvre une modification du comportement multicomposante<\/li>\n<li>G\u00e9rer le sommeil, le temps et le stress<\/li>\n<li>La th\u00e9rapie cognitivo-comportementale et\/ou la th\u00e9rapie d&rsquo;acceptation et d&rsquo;engagement devraient \u00eatre propos\u00e9es aux patients si cela est appropri\u00e9<\/li>\n<\/ul>\n<\/div><\/div>[\/vc_column][vc_column width=\u00a0\u00bb1\/3&Prime; css=\u00a0\u00bb.vc_custom_1691693668641{padding-bottom: 40px !important;}\u00a0\u00bb][vc_single_image image=\u00a0\u00bb734&Prime; img_size=\u00a0\u00bbfull\u00a0\u00bb alignment=\u00a0\u00bbcenter\u00a0\u00bb css=\u00a0\u00bb.vc_custom_1723481306468{margin-bottom: 30px !important;}\u00a0\u00bb el_class=\u00a0\u00bbicon-max-height-large\u00a0\u00bb]<h4 class='innermost-section-heading align-center txt-white ' >Th\u00e9rapie Pharmacologique<\/h4><div class='content-block section-content wpb_text_column wpb_content_element align-left txt-white  font_weight_default fs-21' style=\"margin-bottom: 100px !important;\"><div class='wpb_wrapper'><ul>\n<li>Liraglutide<\/li>\n<li>Naltrexone\/Bupropion (dans un comprim\u00e9 combin\u00e9)<\/li>\n<li>Orlistat<\/li>\n<li>Semaglutide<\/li>\n<\/ul>\n<\/div><\/div>[\/vc_column][vc_column width=\u00a0\u00bb1\/3&Prime; css=\u00a0\u00bb.vc_custom_1691693675895{padding-bottom: 40px !important;}\u00a0\u00bb][vc_single_image image=\u00a0\u00bb2677&Prime; img_size=\u00a0\u00bbfull\u00a0\u00bb alignment=\u00a0\u00bbcenter\u00a0\u00bb css=\u00a0\u00bb.vc_custom_1723481285838{margin-bottom: 30px !important;}\u00a0\u00bb el_class=\u00a0\u00bbicon-max-height-large\u00a0\u00bb]<h4 class='innermost-section-heading align-center txt-white ' >Chirurgie Bariatrique<\/h4><div class='content-block section-content wpb_text_column wpb_content_element align-left txt-white  font_weight_default fs-21' style=\"margin-bottom: 100px !important;\"><div class='wpb_wrapper'><ul>\n<li>Gastrectomie verticale<\/li>\n<li>Bypass gastrique en Y de Roux<\/li>\n<li>Diversion bilio-pancr\u00e9atique avec\/sans switch duod\u00e9nal<\/li>\n<\/ul>\n<\/div><\/div>[\/vc_column][\/vc_row][\/vc_section][vc_section css=\u00a0\u00bb.vc_custom_1720012357322{padding-top: 80px !important;padding-bottom: 50px !important;}\u00a0\u00bb][vc_row][vc_column offset=\u00a0\u00bbvc_col-md-12&Prime;]<h3 class='innermost-section-heading align-center  ' style=\"margin-bottom: 50px !important;\">Importance de l'Activit\u00e9 Physique<\/h3>[vc_row_inner equal_height=\u00a0\u00bbyes\u00a0\u00bb][vc_column_inner width=\u00a0\u00bb1\/2&Prime;]<div class='content-block section-content wpb_text_column wpb_content_element align-left   font_weight_default fs-21' style=\"margin-bottom: 80px !important;\"><div class='wpb_wrapper'><p><strong>L&rsquo;activit\u00e9 physique am\u00e9liore une large gamme de bienfaits pour la sant\u00e9 sans perte de poids, y compris :<\/strong><\/p>\n<ul>\n<li>La qualit\u00e9 de vie<\/li>\n<li>La d\u00e9pression\/l&rsquo;anxi\u00e9t\u00e9<\/li>\n<li>L&rsquo;image corporelle<\/li>\n<li>La mobilit\u00e9<\/li>\n<li>La pression art\u00e9rielle<\/li>\n<li>La glyc\u00e9mie<\/li>\n<li>La graisse sur le foie et le c\u0153ur (graisse visc\u00e9rale et ectopique)<\/li>\n<\/ul>\n<\/div><\/div>[\/vc_column_inner][vc_column_inner width=\u00a0\u00bb1\/2&Prime;]<div class='content-block section-content wpb_text_column wpb_content_element align-left   font_weight_default fs-21' style=\"margin-bottom: 80px !important;\"><div class='wpb_wrapper'><h4>La perte de poids ne devrait pas \u00eatre l&rsquo;objectif de l&rsquo;activit\u00e9 physique.<\/h4>\n<p><strong>Objectifs de l&rsquo;activit\u00e9 physique :<\/strong><\/p>\n<ul>\n<li>Am\u00e9liorer la condition respiratoire (ne pas se sentir essouffl\u00e9 ou hors d&rsquo;haleine)<\/li>\n<li>Avoir une meilleure mobilit\u00e9<\/li>\n<li>Se sentir plus fort<\/li>\n<li>Maintenir ou d\u00e9velopper la masse musculaire<\/li>\n<\/ul>\n<\/div><\/div>[\/vc_column_inner][\/vc_row_inner][\/vc_column][\/vc_row][\/vc_section][vc_section full_width=\u00a0\u00bbstretch_row\u00a0\u00bb css=\u00a0\u00bb.vc_custom_1720012603530{padding-top: 80px !important;padding-bottom: 50px !important;background-color: #b8c6db !important;}\u00a0\u00bb][vc_row][vc_column offset=\u00a0\u00bbvc_col-md-12&Prime;]<h3 class='innermost-section-heading align-center  ' style=\"margin-bottom: 50px !important;\">Th\u00e9rapie Nutritionnelle M\u00e9dicale<\/h3><div class='content-block section-content wpb_text_column wpb_content_element align-left   font_weight_default fs-21' ><div class='wpb_wrapper'><p style=\"text-align: center;\">La TNC est utilis\u00e9e dans la gestion des maladies chroniques et se concentre sur l&rsquo;\u00e9valuation nutritionnelle, le diagnostic, la th\u00e9rapie et le conseil.<\/p>\n<p style=\"text-align: left;\">La TNC doit :<\/p>\n<p style=\"text-align: left;\">A. \u00catre personnalis\u00e9e et r\u00e9pondre aux valeurs, pr\u00e9f\u00e9rences et objectifs de traitement individuels pour favoriser l&rsquo;adh\u00e9sion \u00e0 long terme<\/p>\n<p style=\"text-align: left;\">B. \u00catre administr\u00e9e par un di\u00e9t\u00e9tiste dipl\u00f4m\u00e9 pour am\u00e9liorer les r\u00e9sultats li\u00e9s au poids et \u00e0 la sant\u00e9<\/p>\n<\/div><\/div>[vc_btn title=\u00a0\u00bbEn savoir plus sur obesitycanada.ca\u00a0\u00bb style=\u00a0\u00bbflat\u00a0\u00bb color=\u00a0\u00bborange_link\u00a0\u00bb align=\u00a0\u00bbcenter\u00a0\u00bb css=\u00a0\u00bb\u00a0\u00bb link=\u00a0\u00bburl:https%3A%2F%2Fobesitycanada.ca%2Fguidelines%2Fphysicalactivity%2F|target:_blank\u00a0\u00bb][vc_empty_space height=\u00a0\u00bb7rem\u00a0\u00bb][\/vc_column][\/vc_row][\/vc_section][vc_section css=\u00a0\u00bb.vc_custom_1720012357322{padding-top: 80px !important;padding-bottom: 50px !important;}\u00a0\u00bb][vc_row equal_height=\u00a0\u00bbyes\u00a0\u00bb][vc_column width=\u00a0\u00bb1\/3&Prime;]\n\t\t\t<div class='wpb_content_element cta cta__tile '>\n\t\t\t\t<a href='https:\/\/www.slimtime.com\/fr\/boutique\/?ixwpst[product_cat][]=47&title=1&excerpt=1&content=1&categories=1&attributes=1&tags=1&sku=1&ixwpsf[taxonomy][product_cat][show]=all&ixwpsf[taxonomy][product_cat][multiple]=0&ixwpsf[taxonomy][product_cat][filter]=1' class='cta__wrapper' target='' rel=''>\n\t\t\t\t\t<div class='cta__img' style='background-image: url(https:\/\/www.medimeal.ca\/wp-content\/uploads\/2023\/08\/cta-tile-shakes-meal-replacements-1.jpg);'>\n\t\t\t\t\t\t\n\t\t\t\t\t<\/div>\n\t\t\t\t\t<div class='cta__content'>\n\t\t\t\t\t\t<h3 class='cta__head'>Shakes et substituts de repas<\/h3>\n\t\t\t\t\t\t<div class='cta__desc'><\/div>\n\t\t\t\t\t\t<div class='cta__link'>En savoir plus<\/div>\n\t\t\t\t\t<\/div>\n\t\t\t\t<\/a>\n\t\t\t<\/div>[\/vc_column][vc_column width=\u00a0\u00bb1\/3&Prime;]\n\t\t\t<div class='wpb_content_element cta cta__tile '>\n\t\t\t\t<a href='https:\/\/www.slimtime.com\/fr\/boutique\/?ixwpst[product_cat][]=49&title=1&excerpt=1&content=1&categories=1&attributes=1&tags=1&sku=1&ixwpsf[taxonomy][product_cat][show]=all&ixwpsf[taxonomy][product_cat][multiple]=0&ixwpsf[taxonomy][product_cat][filter]=1' class='cta__wrapper' target='' rel=''>\n\t\t\t\t\t<div class='cta__img' style='background-image: url(https:\/\/www.medimeal.ca\/wp-content\/uploads\/2023\/08\/cta-tile-snacks-desserts.jpg);'>\n\t\t\t\t\t\t\n\t\t\t\t\t<\/div>\n\t\t\t\t\t<div class='cta__content'>\n\t\t\t\t\t\t<h3 class='cta__head'>Collations et desserts<\/h3>\n\t\t\t\t\t\t<div class='cta__desc'><\/div>\n\t\t\t\t\t\t<div class='cta__link'>En savoir plus<\/div>\n\t\t\t\t\t<\/div>\n\t\t\t\t<\/a>\n\t\t\t<\/div>[\/vc_column][vc_column width=\u00a0\u00bb1\/3&Prime;]\n\t\t\t<div class='wpb_content_element cta cta__tile '>\n\t\t\t\t<a href='https:\/\/www.slimtime.com\/fr\/boutique\/?ixwpst[product_cat][]=47&title=1&excerpt=1&content=1&categories=1&attributes=1&tags=1&sku=1&ixwpsf[taxonomy][product_cat][show]=all&ixwpsf[taxonomy][product_cat][multiple]=0&ixwpsf[taxonomy][product_cat][filter]=1' class='cta__wrapper' target='' rel=''>\n\t\t\t\t\t<div class='cta__img' style='background-image: url(https:\/\/www.medimeal.ca\/wp-content\/uploads\/2023\/08\/cta-tile-meals-drinks.jpg);'>\n\t\t\t\t\t\t\n\t\t\t\t\t<\/div>\n\t\t\t\t\t<div class='cta__content'>\n\t\t\t\t\t\t<h3 class='cta__head'>Repas et boissons<\/h3>\n\t\t\t\t\t\t<div class='cta__desc'><\/div>\n\t\t\t\t\t\t<div class='cta__link'>En savoir plus<\/div>\n\t\t\t\t\t<\/div>\n\t\t\t\t<\/a>\n\t\t\t<\/div>[\/vc_column][\/vc_row][\/vc_section]<\/p>\n<\/div>","protected":false},"excerpt":{"rendered":"<p>[vc_section css=\u00a0\u00bb.vc_custom_1722025894984{padding-bottom: 35px !important;}\u00a0\u00bb][vc_row equal_height=\u00a0\u00bbyes\u00a0\u00bb content_placement=\u00a0\u00bbmiddle\u00a0\u00bb][vc_column offset=\u00a0\u00bbvc_col-md-6&Prime;][vc_single_image image=\u00a0\u00bb2674&Prime; img_size=\u00a0\u00bbfull\u00a0\u00bb alignment=\u00a0\u00bbcenter\u00a0\u00bb css=\u00a0\u00bb\u00a0\u00bb][\/vc_column][vc_column offset=\u00a0\u00bbvc_col-lg-offset-1 vc_col-lg-4 vc_col-md-6&Prime;][\/vc_column][\/vc_row][\/vc_section][vc_section full_width=\u00a0\u00bbstretch_row\u00a0\u00bb css=\u00a0\u00bb.vc_custom_1691693655953{padding-top: 80px !important;padding-bottom: 50px !important;background: #122651 url(https:\/\/www.slimtime.com\/wp-content\/uploads\/2023\/07\/slimtime-pattern-blue.png?id=219) !important;background-position: 0 0 !important;background-repeat: repeat !important;}\u00a0\u00bb][vc_row][vc_column offset=\u00a0\u00bbvc_col-md-offset-2 vc_col-md-8&Prime;][\/vc_column][\/vc_row][vc_row][vc_column width=\u00a0\u00bb1\/3&Prime; css=\u00a0\u00bb.vc_custom_1691693662806{padding-bottom: 40px !important;}\u00a0\u00bb][vc_single_image image=\u00a0\u00bb736&Prime; img_size=\u00a0\u00bbfull\u00a0\u00bb alignment=\u00a0\u00bbcenter\u00a0\u00bb css=\u00a0\u00bb.vc_custom_1691773295776{margin-bottom: 30px !important;}\u00a0\u00bb el_class=\u00a0\u00bbicon-max-height-large\u00a0\u00bb][\/vc_column][vc_column width=\u00a0\u00bb1\/3&Prime; css=\u00a0\u00bb.vc_custom_1691693668641{padding-bottom: 40px !important;}\u00a0\u00bb][vc_single_image image=\u00a0\u00bb734&Prime; img_size=\u00a0\u00bbfull\u00a0\u00bb alignment=\u00a0\u00bbcenter\u00a0\u00bb css=\u00a0\u00bb.vc_custom_1723481306468{margin-bottom: 30px !important;}\u00a0\u00bb el_class=\u00a0\u00bbicon-max-height-large\u00a0\u00bb][\/vc_column][vc_column width=\u00a0\u00bb1\/3&Prime; css=\u00a0\u00bb.vc_custom_1691693675895{padding-bottom: 40px [&hellip;]<\/p>\n","protected":false},"author":1,"featured_media":0,"parent":400,"menu_order":0,"comment_status":"closed","ping_status":"closed","template":"","meta":{"_acf_changed":false,"content-type":"","footnotes":""},"class_list":["post-2799","page","type-page","status-publish","hentry"],"acf":[],"aioseo_notices":[],"_links":{"self":[{"href":"https:\/\/www.medimeal.ca\/fr\/wp-json\/wp\/v2\/pages\/2799","targetHints":{"allow":["GET"]}}],"collection":[{"href":"https:\/\/www.medimeal.ca\/fr\/wp-json\/wp\/v2\/pages"}],"about":[{"href":"https:\/\/www.medimeal.ca\/fr\/wp-json\/wp\/v2\/types\/page"}],"author":[{"embeddable":true,"href":"https:\/\/www.medimeal.ca\/fr\/wp-json\/wp\/v2\/users\/1"}],"replies":[{"embeddable":true,"href":"https:\/\/www.medimeal.ca\/fr\/wp-json\/wp\/v2\/comments?post=2799"}],"version-history":[{"count":0,"href":"https:\/\/www.medimeal.ca\/fr\/wp-json\/wp\/v2\/pages\/2799\/revisions"}],"up":[{"embeddable":true,"href":"https:\/\/www.medimeal.ca\/fr\/wp-json\/wp\/v2\/pages\/400"}],"wp:attachment":[{"href":"https:\/\/www.medimeal.ca\/fr\/wp-json\/wp\/v2\/media?parent=2799"}],"curies":[{"name":"wp","href":"https:\/\/api.w.org\/{rel}","templated":true}]}}